{"id":536,"date":"2026-03-26T16:31:52","date_gmt":"2026-03-26T15:31:52","guid":{"rendered":"https:\/\/mentorat-handisciences.fr\/?page_id=536"},"modified":"2026-03-30T15:36:58","modified_gmt":"2026-03-30T13:36:58","slug":"france-universites","status":"publish","type":"page","link":"https:\/\/mentorat-handisciences.fr\/?page_id=536","title":{"rendered":"France Universit\u00e9s"},"content":{"rendered":"\n<div class=\"wp-block-columns is-layout-flex wp-container-core-columns-is-layout-28f84493 wp-block-columns-is-layout-flex\">\n<div class=\"wp-block-column is-vertically-aligned-center is-layout-flow wp-block-column-is-layout-flow\" style=\"flex-basis:33.33%\">\n<p class=\"has-text-align-center\">Ma\u00eetre de conf\u00e9rence<\/p>\n<\/div>\n\n\n\n<div class=\"wp-block-column is-layout-flow wp-block-column-is-layout-flow\" style=\"flex-basis:66.66%\">\n<blockquote class=\"wp-block-quote is-layout-flow wp-block-quote-is-layout-flow\">\n<p>Date limite de candidature :&nbsp;<strong>mars\/avril.<\/strong>&nbsp;Attention qualification CNU aussi n\u00e9cessaire par le parcours handicap.<br><br>Auditions :&nbsp;<strong>mai<\/strong><\/p>\n\n\n\n<p>Juin\/juillet :&nbsp;<strong>jury admission<\/strong><\/p>\n\n\n\n<p>Recrutement :\u00a0<strong>septembre<\/strong><br><br>Pour candidater :\u00a0<a href=\"https:\/\/odyssee.enseignementsup-recherche.gouv.fr\/accueil\" target=\"_blank\" rel=\"noreferrer noopener\">https:\/\/odyssee.enseignementsup-recherche.gouv.fr\/accueil<\/a>\u00a0(dans recrutement voir recrutement sur contrat)<\/p>\n\n\n\n<p>! La majorit\u00e9 du temps concours fl\u00e9ch\u00e9s !<\/p>\n<\/blockquote>\n<\/div>\n<\/div>\n\n\n\n<hr class=\"wp-block-separator has-alpha-channel-opacity\"\/>\n\n\n\n<figure class=\"wp-block-image aligncenter size-large is-resized\"><img loading=\"lazy\" decoding=\"async\" width=\"1024\" height=\"564\" src=\"http:\/\/mentorat-handisciences.fr\/wp-content\/uploads\/2026\/03\/Logo_France_Universites-1024x564.jpeg\" alt=\"\" class=\"wp-image-491\" style=\"aspect-ratio:1.815625432885441;width:332px;height:auto\" srcset=\"https:\/\/mentorat-handisciences.fr\/wp-content\/uploads\/2026\/03\/Logo_France_Universites-1024x564.jpeg 1024w, https:\/\/mentorat-handisciences.fr\/wp-content\/uploads\/2026\/03\/Logo_France_Universites-300x165.jpeg 300w, https:\/\/mentorat-handisciences.fr\/wp-content\/uploads\/2026\/03\/Logo_France_Universites-768x423.jpeg 768w, https:\/\/mentorat-handisciences.fr\/wp-content\/uploads\/2026\/03\/Logo_France_Universites.jpeg 1072w\" sizes=\"auto, (max-width: 1024px) 100vw, 1024px\" \/><\/figure>\n","protected":false},"excerpt":{"rendered":"<p>Ma\u00eetre de conf\u00e9rence Date limite de candidature :&nbsp;mars\/avril.&nbsp;Attention qualification CNU aussi n\u00e9cessaire par le parcours handicap. Auditions :&nbsp;mai Juin\/juillet :&nbsp;jury admission Recrutement :\u00a0septembre Pour candidater :\u00a0https:\/\/odyssee.enseignementsup-recherche.gouv.fr\/accueil\u00a0(dans recrutement voir recrutement sur [&hellip;]<\/p>\n","protected":false},"author":3,"featured_media":0,"parent":513,"menu_order":7,"comment_status":"closed","ping_status":"closed","template":"","meta":{"_EventAllDay":false,"_EventTimezone":"","_EventStartDate":"","_EventEndDate":"","_EventStartDateUTC":"","_EventEndDateUTC":"","_EventShowMap":false,"_EventShowMapLink":false,"_EventURL":"","_EventCost":"","_EventCostDescription":"","_EventCurrencySymbol":"","_EventCurrencyCode":"","_EventCurrencyPosition":"","_EventDateTimeSeparator":"","_EventTimeRangeSeparator":"","_EventOrganizerID":[],"_EventVenueID":[],"_OrganizerEmail":"","_OrganizerPhone":"","_OrganizerWebsite":"","_VenueAddress":"","_VenueCity":"","_VenueCountry":"","_VenueProvince":"","_VenueState":"","_VenueZip":"","_VenuePhone":"","_VenueURL":"","_VenueStateProvince":"","_VenueLat":"","_VenueLng":"","_VenueShowMap":false,"_VenueShowMapLink":false,"footnotes":""},"class_list":["post-536","page","type-page","status-publish","hentry"],"_links":{"self":[{"href":"https:\/\/mentorat-handisciences.fr\/index.php?rest_route=\/wp\/v2\/pages\/536","targetHints":{"allow":["GET"]}}],"collection":[{"href":"https:\/\/mentorat-handisciences.fr\/index.php?rest_route=\/wp\/v2\/pages"}],"about":[{"href":"https:\/\/mentorat-handisciences.fr\/index.php?rest_route=\/wp\/v2\/types\/page"}],"author":[{"embeddable":true,"href":"https:\/\/mentorat-handisciences.fr\/index.php?rest_route=\/wp\/v2\/users\/3"}],"replies":[{"embeddable":true,"href":"https:\/\/mentorat-handisciences.fr\/index.php?rest_route=%2Fwp%2Fv2%2Fcomments&post=536"}],"version-history":[{"count":5,"href":"https:\/\/mentorat-handisciences.fr\/index.php?rest_route=\/wp\/v2\/pages\/536\/revisions"}],"predecessor-version":[{"id":673,"href":"https:\/\/mentorat-handisciences.fr\/index.php?rest_route=\/wp\/v2\/pages\/536\/revisions\/673"}],"up":[{"embeddable":true,"href":"https:\/\/mentorat-handisciences.fr\/index.php?rest_route=\/wp\/v2\/pages\/513"}],"wp:attachment":[{"href":"https:\/\/mentorat-handisciences.fr\/index.php?rest_route=%2Fwp%2Fv2%2Fmedia&parent=536"}],"curies":[{"name":"wp","href":"https:\/\/api.w.org\/{rel}","templated":true}]}}