{"id":527,"date":"2026-03-26T16:31:47","date_gmt":"2026-03-26T15:31:47","guid":{"rendered":"https:\/\/mentorat-handisciences.fr\/?page_id=527"},"modified":"2026-03-30T15:36:44","modified_gmt":"2026-03-30T13:36:44","slug":"ird","status":"publish","type":"page","link":"https:\/\/mentorat-handisciences.fr\/?page_id=527","title":{"rendered":"IRD"},"content":{"rendered":"\n<div class=\"wp-block-columns is-layout-flex wp-container-core-columns-is-layout-28f84493 wp-block-columns-is-layout-flex\">\n<div class=\"wp-block-column is-vertically-aligned-center is-layout-flow wp-block-column-is-layout-flow\" style=\"flex-basis:33.33%\">\n<p class=\"has-text-align-center\">Personnels en situation de handicap<\/p>\n<\/div>\n\n\n\n<div class=\"wp-block-column is-layout-flow wp-block-column-is-layout-flow\" style=\"flex-basis:66.66%\">\n<blockquote class=\"wp-block-quote is-layout-flow wp-block-quote-is-layout-flow\">\n<p>L\u2019IRD m\u00e8ne une d\u00e9marche volontariste et proactive visant \u00e0 favoriser l\u2019insertion et le maintien dans l\u2019emploi de ses personnels en situation de handicap.<\/p>\n\n\n\n<p>Les personnels en situation de handicap recrut\u00e9s sur des postes p\u00e9rennes ont vocation \u00e0 \u00eatre titularis\u00e9s au bout d\u2019un an et ainsi devenir fonctionnaires titulaires.<\/p>\n\n\n\n<p>Pas de dates de candidatures.<\/p>\n\n\n\n<p><a href=\"https:\/\/www.ird.fr\/les-modalites-de-recrutement\" target=\"_blank\" rel=\"noreferrer noopener\">En savoir plus<\/a><\/p>\n<\/blockquote>\n<\/div>\n<\/div>\n\n\n\n<hr class=\"wp-block-separator has-alpha-channel-opacity\"\/>\n\n\n\n<figure class=\"wp-block-image aligncenter size-full is-resized\"><img loading=\"lazy\" decoding=\"async\" width=\"600\" height=\"494\" src=\"http:\/\/mentorat-handisciences.fr\/wp-content\/uploads\/2026\/02\/Logo_IRD_2016_BLOC_FR_COUL.png\" alt=\"\" class=\"wp-image-258\" style=\"aspect-ratio:1.2146133164637039;width:206px;height:auto\" srcset=\"https:\/\/mentorat-handisciences.fr\/wp-content\/uploads\/2026\/02\/Logo_IRD_2016_BLOC_FR_COUL.png 600w, https:\/\/mentorat-handisciences.fr\/wp-content\/uploads\/2026\/02\/Logo_IRD_2016_BLOC_FR_COUL-300x247.png 300w\" sizes=\"auto, (max-width: 600px) 100vw, 600px\" \/><\/figure>\n","protected":false},"excerpt":{"rendered":"<p>Personnels en situation de handicap L\u2019IRD m\u00e8ne une d\u00e9marche volontariste et proactive visant \u00e0 favoriser l\u2019insertion et le maintien dans l\u2019emploi de ses personnels en situation de handicap. Les personnels [&hellip;]<\/p>\n","protected":false},"author":3,"featured_media":0,"parent":513,"menu_order":6,"comment_status":"closed","ping_status":"closed","template":"","meta":{"_EventAllDay":false,"_EventTimezone":"","_EventStartDate":"","_EventEndDate":"","_EventStartDateUTC":"","_EventEndDateUTC":"","_EventShowMap":false,"_EventShowMapLink":false,"_EventURL":"","_EventCost":"","_EventCostDescription":"","_EventCurrencySymbol":"","_EventCurrencyCode":"","_EventCurrencyPosition":"","_EventDateTimeSeparator":"","_EventTimeRangeSeparator":"","_EventOrganizerID":[],"_EventVenueID":[],"_OrganizerEmail":"","_OrganizerPhone":"","_OrganizerWebsite":"","_VenueAddress":"","_VenueCity":"","_VenueCountry":"","_VenueProvince":"","_VenueState":"","_VenueZip":"","_VenuePhone":"","_VenueURL":"","_VenueStateProvince":"","_VenueLat":"","_VenueLng":"","_VenueShowMap":false,"_VenueShowMapLink":false,"footnotes":""},"class_list":["post-527","page","type-page","status-publish","hentry"],"_links":{"self":[{"href":"https:\/\/mentorat-handisciences.fr\/index.php?rest_route=\/wp\/v2\/pages\/527","targetHints":{"allow":["GET"]}}],"collection":[{"href":"https:\/\/mentorat-handisciences.fr\/index.php?rest_route=\/wp\/v2\/pages"}],"about":[{"href":"https:\/\/mentorat-handisciences.fr\/index.php?rest_route=\/wp\/v2\/types\/page"}],"author":[{"embeddable":true,"href":"https:\/\/mentorat-handisciences.fr\/index.php?rest_route=\/wp\/v2\/users\/3"}],"replies":[{"embeddable":true,"href":"https:\/\/mentorat-handisciences.fr\/index.php?rest_route=%2Fwp%2Fv2%2Fcomments&post=527"}],"version-history":[{"count":3,"href":"https:\/\/mentorat-handisciences.fr\/index.php?rest_route=\/wp\/v2\/pages\/527\/revisions"}],"predecessor-version":[{"id":672,"href":"https:\/\/mentorat-handisciences.fr\/index.php?rest_route=\/wp\/v2\/pages\/527\/revisions\/672"}],"up":[{"embeddable":true,"href":"https:\/\/mentorat-handisciences.fr\/index.php?rest_route=\/wp\/v2\/pages\/513"}],"wp:attachment":[{"href":"https:\/\/mentorat-handisciences.fr\/index.php?rest_route=%2Fwp%2Fv2%2Fmedia&parent=527"}],"curies":[{"name":"wp","href":"https:\/\/api.w.org\/{rel}","templated":true}]}}