{"id":523,"date":"2026-03-26T16:31:29","date_gmt":"2026-03-26T15:31:29","guid":{"rendered":"https:\/\/mentorat-handisciences.fr\/?page_id=523"},"modified":"2026-04-07T12:00:02","modified_gmt":"2026-04-07T10:00:02","slug":"inrae","status":"publish","type":"page","link":"https:\/\/mentorat-handisciences.fr\/?page_id=523","title":{"rendered":"INRAE"},"content":{"rendered":"\n<div class=\"wp-block-columns is-layout-flex wp-container-core-columns-is-layout-28f84493 wp-block-columns-is-layout-flex\">\n<div class=\"wp-block-column is-vertically-aligned-center is-layout-flow wp-block-column-is-layout-flow\" style=\"flex-basis:33.33%\">\n<p class=\"has-text-align-center\">Charg\u00e9 de recherche (CR)<\/p>\n<\/div>\n\n\n\n<div class=\"wp-block-column is-layout-flow wp-block-column-is-layout-flow\" style=\"flex-basis:66.66%\">\n<blockquote class=\"wp-block-quote is-layout-flow wp-block-quote-is-layout-flow\">\n<p>&#8211; Ouverture des inscriptions : 14 avril 2026<br>&#8211; Cl\u00f4ture des inscriptions : 9 juin 2026<br>&#8211; Pr\u00e9s\u00e9lection (sur dossier) : d\u00e9but septembre 2026<br>&#8211; S\u00e9lection (audition) : d\u00e9but octobre 2026<br>&#8211; Prise de fonction : \u00e0 partir du 1<sup>er<\/sup> d\u00e9cembre 2026<\/p>\n\n\n\n<p><a href=\"https:\/\/jobs.inrae.fr\/handicap\/campagne-handicap-chercheurs-projet-f-h\" target=\"_blank\" rel=\"noreferrer noopener\">En savoir plus<\/a><\/p>\n<\/blockquote>\n<\/div>\n<\/div>\n\n\n\n<hr class=\"wp-block-separator has-alpha-channel-opacity\"\/>\n\n\n\n<div class=\"wp-block-columns is-layout-flex wp-container-core-columns-is-layout-28f84493 wp-block-columns-is-layout-flex\">\n<div class=\"wp-block-column is-layout-flow wp-block-column-is-layout-flow\" style=\"flex-basis:33.33%\">\n<p class=\"has-text-align-center\" style=\"border-style:none;border-width:0px;padding-top:var(--wp--preset--spacing--20);padding-bottom:var(--wp--preset--spacing--20)\">Ing\u00e9nieurs<\/p>\n\n\n\n<p class=\"has-text-align-center\" style=\"border-style:none;border-width:0px;padding-top:var(--wp--preset--spacing--20);padding-bottom:var(--wp--preset--spacing--20)\">Cadres<\/p>\n\n\n\n<p class=\"has-text-align-center\" style=\"border-style:none;border-width:0px;padding-top:var(--wp--preset--spacing--20);padding-bottom:var(--wp--preset--spacing--20)\">Techniciens<\/p>\n<\/div>\n\n\n\n<div class=\"wp-block-column is-layout-flow wp-block-column-is-layout-flow\" style=\"flex-basis:66.66%\">\n<blockquote class=\"wp-block-quote is-layout-flow wp-block-quote-is-layout-flow\" style=\"margin-top:0;margin-bottom:0;padding-top:0;padding-bottom:0\">\n<p class=\"is-style-default\" style=\"border-top-left-radius:0px;border-top-right-radius:0px;border-bottom-left-radius:0px;border-bottom-right-radius:0px\">&#8211; Ouverture des inscriptions : 29 janvier 2026<br>&#8211; Cl\u00f4ture des inscriptions : 26 mars 2026<br>&#8211; Audition des candidats s\u00e9lectionn\u00e9 : avril 2026<br>&#8211; Prise de fonction : \u00e0 compter du 1<sup>er<\/sup> juin 2026<\/p>\n\n\n\n<p class=\"is-style-default\" style=\"border-top-left-radius:0px;border-top-right-radius:0px;border-bottom-left-radius:0px;border-bottom-right-radius:0px\"><a href=\"https:\/\/jobs.inrae.fr\/handicap\/campagne-handicap-ingenieurs-cadres-techniciens-f-h\" data-type=\"link\" data-id=\"https:\/\/jobs.inrae.fr\/handicap\/campagne-handicap-ingenieurs-cadres-techniciens-f-h\" target=\"_blank\" rel=\"noreferrer noopener\">En savoir plus<\/a><\/p>\n<\/blockquote>\n<\/div>\n<\/div>\n\n\n\n<figure class=\"wp-block-image aligncenter size-full is-resized\"><a href=\"https:\/\/jobs.inrae.fr\/actualites\/employeur-handi-accueillant\" target=\"_blank\" rel=\" noreferrer noopener\"><img loading=\"lazy\" decoding=\"async\" width=\"369\" height=\"149\" src=\"http:\/\/mentorat-handisciences.fr\/wp-content\/uploads\/2026\/02\/inrae_logo_369_x149_0.png\" alt=\"Logo de l'INRAe cliquable\" class=\"wp-image-256\" style=\"aspect-ratio:2.476664918720503;width:231px;height:auto\" srcset=\"https:\/\/mentorat-handisciences.fr\/wp-content\/uploads\/2026\/02\/inrae_logo_369_x149_0.png 369w, https:\/\/mentorat-handisciences.fr\/wp-content\/uploads\/2026\/02\/inrae_logo_369_x149_0-300x121.png 300w\" sizes=\"auto, (max-width: 369px) 100vw, 369px\" \/><\/a><\/figure>\n","protected":false},"excerpt":{"rendered":"<p>Charg\u00e9 de recherche (CR) &#8211; Ouverture des inscriptions : 14 avril 2026&#8211; Cl\u00f4ture des inscriptions : 9 juin 2026&#8211; Pr\u00e9s\u00e9lection (sur dossier) : d\u00e9but septembre 2026&#8211; S\u00e9lection (audition) : d\u00e9but [&hellip;]<\/p>\n","protected":false},"author":3,"featured_media":0,"parent":513,"menu_order":4,"comment_status":"closed","ping_status":"closed","template":"","meta":{"_EventAllDay":false,"_EventTimezone":"","_EventStartDate":"","_EventEndDate":"","_EventStartDateUTC":"","_EventEndDateUTC":"","_EventShowMap":false,"_EventShowMapLink":false,"_EventURL":"","_EventCost":"","_EventCostDescription":"","_EventCurrencySymbol":"","_EventCurrencyCode":"","_EventCurrencyPosition":"","_EventDateTimeSeparator":"","_EventTimeRangeSeparator":"","_EventOrganizerID":[],"_EventVenueID":[],"_OrganizerEmail":"","_OrganizerPhone":"","_OrganizerWebsite":"","_VenueAddress":"","_VenueCity":"","_VenueCountry":"","_VenueProvince":"","_VenueState":"","_VenueZip":"","_VenuePhone":"","_VenueURL":"","_VenueStateProvince":"","_VenueLat":"","_VenueLng":"","_VenueShowMap":false,"_VenueShowMapLink":false,"footnotes":""},"class_list":["post-523","page","type-page","status-publish","hentry"],"_links":{"self":[{"href":"https:\/\/mentorat-handisciences.fr\/index.php?rest_route=\/wp\/v2\/pages\/523","targetHints":{"allow":["GET"]}}],"collection":[{"href":"https:\/\/mentorat-handisciences.fr\/index.php?rest_route=\/wp\/v2\/pages"}],"about":[{"href":"https:\/\/mentorat-handisciences.fr\/index.php?rest_route=\/wp\/v2\/types\/page"}],"author":[{"embeddable":true,"href":"https:\/\/mentorat-handisciences.fr\/index.php?rest_route=\/wp\/v2\/users\/3"}],"replies":[{"embeddable":true,"href":"https:\/\/mentorat-handisciences.fr\/index.php?rest_route=%2Fwp%2Fv2%2Fcomments&post=523"}],"version-history":[{"count":9,"href":"https:\/\/mentorat-handisciences.fr\/index.php?rest_route=\/wp\/v2\/pages\/523\/revisions"}],"predecessor-version":[{"id":706,"href":"https:\/\/mentorat-handisciences.fr\/index.php?rest_route=\/wp\/v2\/pages\/523\/revisions\/706"}],"up":[{"embeddable":true,"href":"https:\/\/mentorat-handisciences.fr\/index.php?rest_route=\/wp\/v2\/pages\/513"}],"wp:attachment":[{"href":"https:\/\/mentorat-handisciences.fr\/index.php?rest_route=%2Fwp%2Fv2%2Fmedia&parent=523"}],"curies":[{"name":"wp","href":"https:\/\/api.w.org\/{rel}","templated":true}]}}