{"id":516,"date":"2026-03-26T16:29:42","date_gmt":"2026-03-26T15:29:42","guid":{"rendered":"https:\/\/mentorat-handisciences.fr\/?page_id=516"},"modified":"2026-03-30T15:34:59","modified_gmt":"2026-03-30T13:34:59","slug":"cnrs","status":"publish","type":"page","link":"https:\/\/mentorat-handisciences.fr\/?page_id=516","title":{"rendered":"CNRS"},"content":{"rendered":"\n<div class=\"wp-block-columns is-layout-flex wp-container-core-columns-is-layout-28f84493 wp-block-columns-is-layout-flex\">\n<div class=\"wp-block-column is-vertically-aligned-center is-layout-flow wp-block-column-is-layout-flow\" style=\"flex-basis:33.33%\">\n<p class=\"has-text-align-center\">Charg\u00e9 de recherche (CR)<\/p>\n<\/div>\n\n\n\n<div class=\"wp-block-column is-layout-flow wp-block-column-is-layout-flow\" style=\"flex-basis:66.66%\">\n<blockquote class=\"wp-block-quote is-layout-flow wp-block-quote-is-layout-flow\">\n<p>D\u00e9p\u00f4t des candidatures<strong>: du 17 mars au 17 avril 2026 jusqu\u2019\u00e0 12h<\/strong><\/p>\n\n\n\n<p>S\u00e9lection des candidats \u00e0 auditionner par les sections du Comit\u00e9 National:\u00a0<strong>du 20 avril au 18 mai 2026<\/strong><\/p>\n\n\n\n<p>Audition des candidates et candidats pr\u00e9s\u00e9lectionn\u00e9s:&nbsp;<strong>du 1<sup>er <\/sup>au 26 juin 2026<\/strong><\/p>\n\n\n\n<p>Proposition de classement des candidates et candidats retenus, par le jury d\u2019admission:<\/p>\n\n\n\n<p><strong>Lundi 6 juillet 2026<\/strong><\/p>\n\n\n\n<p>Notification aux candidates et candidats laur\u00e9ats et aux non admis:&nbsp;<strong>Du 24 juillet au 31 juillet 2026<\/strong><\/p>\n\n\n\n<p>D\u00e9but du contrat en CDD d\u2019un an:&nbsp;<strong>1<sup>er<\/sup> novembre 2026<\/strong><\/p>\n\n\n\n<p>En savoir plus ici :\u00a0<a href=\"https:\/\/carrieres.cnrs.fr\/actualites\/recrutement-2026-de-chercheuses-et-chercheurs-en-situation-de-handicap\/\" target=\"_blank\" rel=\"noreferrer noopener\">https:\/\/carrieres.cnrs.fr\/actualites\/recrutement-2026-de-chercheuses-et-chercheurs-en-situation-de-handicap\/<\/a><\/p>\n<\/blockquote>\n<\/div>\n<\/div>\n\n\n\n<hr class=\"wp-block-separator has-alpha-channel-opacity\"\/>\n\n\n\n<div class=\"wp-block-columns is-layout-flex wp-container-core-columns-is-layout-28f84493 wp-block-columns-is-layout-flex\">\n<div class=\"wp-block-column is-layout-flow wp-block-column-is-layout-flow\" style=\"flex-basis:33.33%\">\n<p class=\"has-text-align-center\">Ing\u00e9nieur de recherche (IR)<\/p>\n\n\n\n<p class=\"has-text-align-center\">Ing\u00e9nieur d&rsquo;\u00e9tudes (IE)<\/p>\n\n\n\n<p class=\"has-text-align-center\">Assistant Ing\u00e9nieur (AI)<\/p>\n\n\n\n<p class=\"has-text-align-center\">Technicien de la recherche (T)<\/p>\n<\/div>\n\n\n\n<div class=\"wp-block-column is-layout-flow wp-block-column-is-layout-flow\" style=\"flex-basis:66.66%\">\n<blockquote class=\"wp-block-quote is-layout-flow wp-block-quote-is-layout-flow\" style=\"margin-top:0;margin-bottom:0;padding-top:var(--wp--preset--spacing--60);padding-bottom:var(--wp--preset--spacing--60)\">\n<p class=\"is-style-default\" style=\"border-top-left-radius:0px;border-top-right-radius:0px;border-bottom-left-radius:0px;border-bottom-right-radius:0px\">Les dates ne sont pas encore publi\u00e9es.<\/p>\n<\/blockquote>\n<\/div>\n<\/div>\n\n\n\n<figure class=\"wp-block-image aligncenter size-full is-resized\"><img loading=\"lazy\" decoding=\"async\" width=\"225\" height=\"225\" src=\"http:\/\/mentorat-handisciences.fr\/wp-content\/uploads\/2026\/02\/images.png\" alt=\"\" class=\"wp-image-254\" style=\"width:149px;height:auto\" srcset=\"https:\/\/mentorat-handisciences.fr\/wp-content\/uploads\/2026\/02\/images.png 225w, https:\/\/mentorat-handisciences.fr\/wp-content\/uploads\/2026\/02\/images-150x150.png 150w\" sizes=\"auto, (max-width: 225px) 100vw, 225px\" \/><\/figure>\n","protected":false},"excerpt":{"rendered":"<p>Charg\u00e9 de recherche (CR) D\u00e9p\u00f4t des candidatures: du 17 mars au 17 avril 2026 jusqu\u2019\u00e0 12h S\u00e9lection des candidats \u00e0 auditionner par les sections du Comit\u00e9 National:\u00a0du 20 avril au [&hellip;]<\/p>\n","protected":false},"author":3,"featured_media":0,"parent":513,"menu_order":3,"comment_status":"closed","ping_status":"closed","template":"","meta":{"_EventAllDay":false,"_EventTimezone":"","_EventStartDate":"","_EventEndDate":"","_EventStartDateUTC":"","_EventEndDateUTC":"","_EventShowMap":false,"_EventShowMapLink":false,"_EventURL":"","_EventCost":"","_EventCostDescription":"","_EventCurrencySymbol":"","_EventCurrencyCode":"","_EventCurrencyPosition":"","_EventDateTimeSeparator":"","_EventTimeRangeSeparator":"","_EventOrganizerID":[],"_EventVenueID":[],"_OrganizerEmail":"","_OrganizerPhone":"","_OrganizerWebsite":"","_VenueAddress":"","_VenueCity":"","_VenueCountry":"","_VenueProvince":"","_VenueState":"","_VenueZip":"","_VenuePhone":"","_VenueURL":"","_VenueStateProvince":"","_VenueLat":"","_VenueLng":"","_VenueShowMap":false,"_VenueShowMapLink":false,"footnotes":""},"class_list":["post-516","page","type-page","status-publish","hentry"],"_links":{"self":[{"href":"https:\/\/mentorat-handisciences.fr\/index.php?rest_route=\/wp\/v2\/pages\/516","targetHints":{"allow":["GET"]}}],"collection":[{"href":"https:\/\/mentorat-handisciences.fr\/index.php?rest_route=\/wp\/v2\/pages"}],"about":[{"href":"https:\/\/mentorat-handisciences.fr\/index.php?rest_route=\/wp\/v2\/types\/page"}],"author":[{"embeddable":true,"href":"https:\/\/mentorat-handisciences.fr\/index.php?rest_route=\/wp\/v2\/users\/3"}],"replies":[{"embeddable":true,"href":"https:\/\/mentorat-handisciences.fr\/index.php?rest_route=%2Fwp%2Fv2%2Fcomments&post=516"}],"version-history":[{"count":10,"href":"https:\/\/mentorat-handisciences.fr\/index.php?rest_route=\/wp\/v2\/pages\/516\/revisions"}],"predecessor-version":[{"id":668,"href":"https:\/\/mentorat-handisciences.fr\/index.php?rest_route=\/wp\/v2\/pages\/516\/revisions\/668"}],"up":[{"embeddable":true,"href":"https:\/\/mentorat-handisciences.fr\/index.php?rest_route=\/wp\/v2\/pages\/513"}],"wp:attachment":[{"href":"https:\/\/mentorat-handisciences.fr\/index.php?rest_route=%2Fwp%2Fv2%2Fmedia&parent=516"}],"curies":[{"name":"wp","href":"https:\/\/api.w.org\/{rel}","templated":true}]}}