{"id":513,"date":"2026-03-26T16:28:05","date_gmt":"2026-03-26T15:28:05","guid":{"rendered":"https:\/\/mentorat-handisciences.fr\/?page_id=513"},"modified":"2026-03-30T15:45:23","modified_gmt":"2026-03-30T13:45:23","slug":"les-procedures-de-recrutement-handicap-2","status":"publish","type":"page","link":"https:\/\/mentorat-handisciences.fr\/?page_id=513","title":{"rendered":"Les proc\u00e9dures de recrutement handicap"},"content":{"rendered":"\n<p>S\u00e9lectionnez un organisme pour acc\u00e9der \u00e0 plus d\u2019informations.<\/p>\n\n\n\n<div class=\"wp-block-columns is-style-default is-layout-flex wp-container-core-columns-is-layout-28f84493 wp-block-columns-is-layout-flex\">\n<div class=\"wp-block-column is-layout-flow wp-block-column-is-layout-flow\">\n<div class=\"wp-block-columns is-layout-flex wp-container-core-columns-is-layout-28f84493 wp-block-columns-is-layout-flex\">\n<div class=\"wp-block-column is-layout-flow wp-block-column-is-layout-flow\">\n<figure class=\"wp-block-image aligncenter size-full is-resized\"><a href=\"https:\/\/mentorat-handisciences.fr\/?page_id=516\" target=\"_blank\" rel=\" noreferrer noopener\"><img loading=\"lazy\" decoding=\"async\" width=\"225\" height=\"225\" src=\"http:\/\/mentorat-handisciences.fr\/wp-content\/uploads\/2026\/02\/images.png\" alt=\"Logo du CNRS\" class=\"wp-image-254\" style=\"width:178px;height:auto\" srcset=\"https:\/\/mentorat-handisciences.fr\/wp-content\/uploads\/2026\/02\/images.png 225w, https:\/\/mentorat-handisciences.fr\/wp-content\/uploads\/2026\/02\/images-150x150.png 150w\" sizes=\"auto, (max-width: 225px) 100vw, 225px\" \/><\/a><\/figure>\n<\/div>\n<\/div>\n<\/div>\n\n\n\n<div class=\"wp-block-column is-layout-flow wp-block-column-is-layout-flow\">\n<figure class=\"wp-block-image aligncenter size-full is-resized\"><a href=\"https:\/\/mentorat-handisciences.fr\/?page_id=523\" target=\"_blank\" rel=\" noreferrer noopener\"><img loading=\"lazy\" decoding=\"async\" width=\"369\" height=\"149\" src=\"http:\/\/mentorat-handisciences.fr\/wp-content\/uploads\/2026\/02\/inrae_logo_369_x149_0.png\" alt=\"Logo INRAE\" class=\"wp-image-256\" style=\"aspect-ratio:2.476664918720503;width:340px;height:auto\" srcset=\"https:\/\/mentorat-handisciences.fr\/wp-content\/uploads\/2026\/02\/inrae_logo_369_x149_0.png 369w, https:\/\/mentorat-handisciences.fr\/wp-content\/uploads\/2026\/02\/inrae_logo_369_x149_0-300x121.png 300w\" sizes=\"auto, (max-width: 369px) 100vw, 369px\" \/><\/a><\/figure>\n<\/div>\n<\/div>\n\n\n\n<hr class=\"wp-block-separator has-text-color has-base-color has-alpha-channel-opacity has-base-background-color has-background\"\/>\n\n\n\n<div class=\"wp-block-columns is-layout-flex wp-container-core-columns-is-layout-28f84493 wp-block-columns-is-layout-flex\">\n<div class=\"wp-block-column is-layout-flow wp-block-column-is-layout-flow\">\n<figure class=\"wp-block-image aligncenter size-full is-resized\"><a href=\"https:\/\/mentorat-handisciences.fr\/?page_id=527\" target=\"_blank\" rel=\" noreferrer noopener\"><img loading=\"lazy\" decoding=\"async\" width=\"600\" height=\"494\" src=\"http:\/\/mentorat-handisciences.fr\/wp-content\/uploads\/2026\/02\/Logo_IRD_2016_BLOC_FR_COUL.png\" alt=\"Logo IRD\" class=\"wp-image-258\" style=\"aspect-ratio:1.2146133164637039;width:236px;height:auto\" srcset=\"https:\/\/mentorat-handisciences.fr\/wp-content\/uploads\/2026\/02\/Logo_IRD_2016_BLOC_FR_COUL.png 600w, https:\/\/mentorat-handisciences.fr\/wp-content\/uploads\/2026\/02\/Logo_IRD_2016_BLOC_FR_COUL-300x247.png 300w\" sizes=\"auto, (max-width: 600px) 100vw, 600px\" \/><\/a><\/figure>\n<\/div>\n\n\n\n<div class=\"wp-block-column is-layout-flow wp-block-column-is-layout-flow\">\n<figure class=\"wp-block-image aligncenter size-full is-resized\"><a href=\"https:\/\/mentorat-handisciences.fr\/?page_id=529\" target=\"_blank\" rel=\" noreferrer noopener\"><img loading=\"lazy\" decoding=\"async\" width=\"314\" height=\"161\" src=\"http:\/\/mentorat-handisciences.fr\/wp-content\/uploads\/2026\/02\/Sans-titre.png\" alt=\"Logo Inserm\" class=\"wp-image-262\" style=\"aspect-ratio:1.950402795302339;width:374px;height:auto\" srcset=\"https:\/\/mentorat-handisciences.fr\/wp-content\/uploads\/2026\/02\/Sans-titre.png 314w, https:\/\/mentorat-handisciences.fr\/wp-content\/uploads\/2026\/02\/Sans-titre-300x154.png 300w\" sizes=\"auto, (max-width: 314px) 100vw, 314px\" \/><\/a><\/figure>\n<\/div>\n<\/div>\n\n\n\n<div class=\"wp-block-columns alignwide are-vertically-aligned-center is-layout-flex wp-container-core-columns-is-layout-28f84493 wp-block-columns-is-layout-flex\">\n<div class=\"wp-block-column is-vertically-aligned-center is-layout-flow wp-block-column-is-layout-flow\">\n<div class=\"wp-block-columns is-layout-flex wp-container-core-columns-is-layout-28f84493 wp-block-columns-is-layout-flex\">\n<div class=\"wp-block-column is-layout-flow wp-block-column-is-layout-flow\">\n<figure class=\"wp-block-image aligncenter size-large is-resized\"><a href=\"https:\/\/mentorat-handisciences.fr\/?page_id=536\" target=\"_blank\" rel=\" noreferrer noopener\"><img loading=\"lazy\" decoding=\"async\" width=\"1024\" height=\"564\" src=\"http:\/\/mentorat-handisciences.fr\/wp-content\/uploads\/2026\/03\/Logo_France_Universites-1024x564.jpeg\" alt=\"Logo France Universit\u00e9s\" class=\"wp-image-491\" style=\"aspect-ratio:1.8157026610952276;width:380px;height:auto\" srcset=\"https:\/\/mentorat-handisciences.fr\/wp-content\/uploads\/2026\/03\/Logo_France_Universites-1024x564.jpeg 1024w, https:\/\/mentorat-handisciences.fr\/wp-content\/uploads\/2026\/03\/Logo_France_Universites-300x165.jpeg 300w, https:\/\/mentorat-handisciences.fr\/wp-content\/uploads\/2026\/03\/Logo_France_Universites-768x423.jpeg 768w, https:\/\/mentorat-handisciences.fr\/wp-content\/uploads\/2026\/03\/Logo_France_Universites.jpeg 1072w\" sizes=\"auto, (max-width: 1024px) 100vw, 1024px\" \/><\/a><\/figure>\n<\/div>\n\n\n\n<div class=\"wp-block-column is-layout-flow wp-block-column-is-layout-flow\"><\/div>\n<\/div>\n<\/div>\n<\/div>\n\n\n\n<p>Informations trouv\u00e9es sur les sites. N\u2019h\u00e9sitez pas \u00e0 nous faire un retour \u00e0 l\u2019adresse suivante : <a>mentorat-handisciences@framagroupes.org<\/a> si vous avez d\u2019autres informations.<\/p>\n","protected":false},"excerpt":{"rendered":"<p>S\u00e9lectionnez un organisme pour acc\u00e9der \u00e0 plus d\u2019informations. Informations trouv\u00e9es sur les sites. N\u2019h\u00e9sitez pas \u00e0 nous faire un retour \u00e0 l\u2019adresse suivante : mentorat-handisciences@framagroupes.org si vous avez d\u2019autres informations.<\/p>\n","protected":false},"author":3,"featured_media":0,"parent":35,"menu_order":2,"comment_status":"closed","ping_status":"closed","template":"","meta":{"_EventAllDay":false,"_EventTimezone":"","_EventStartDate":"","_EventEndDate":"","_EventStartDateUTC":"","_EventEndDateUTC":"","_EventShowMap":false,"_EventShowMapLink":false,"_EventURL":"","_EventCost":"","_EventCostDescription":"","_EventCurrencySymbol":"","_EventCurrencyCode":"","_EventCurrencyPosition":"","_EventDateTimeSeparator":"","_EventTimeRangeSeparator":"","_EventOrganizerID":[],"_EventVenueID":[],"_OrganizerEmail":"","_OrganizerPhone":"","_OrganizerWebsite":"","_VenueAddress":"","_VenueCity":"","_VenueCountry":"","_VenueProvince":"","_VenueState":"","_VenueZip":"","_VenuePhone":"","_VenueURL":"","_VenueStateProvince":"","_VenueLat":"","_VenueLng":"","_VenueShowMap":false,"_VenueShowMapLink":false,"footnotes":""},"class_list":["post-513","page","type-page","status-publish","hentry"],"_links":{"self":[{"href":"https:\/\/mentorat-handisciences.fr\/index.php?rest_route=\/wp\/v2\/pages\/513","targetHints":{"allow":["GET"]}}],"collection":[{"href":"https:\/\/mentorat-handisciences.fr\/index.php?rest_route=\/wp\/v2\/pages"}],"about":[{"href":"https:\/\/mentorat-handisciences.fr\/index.php?rest_route=\/wp\/v2\/types\/page"}],"author":[{"embeddable":true,"href":"https:\/\/mentorat-handisciences.fr\/index.php?rest_route=\/wp\/v2\/users\/3"}],"replies":[{"embeddable":true,"href":"https:\/\/mentorat-handisciences.fr\/index.php?rest_route=%2Fwp%2Fv2%2Fcomments&post=513"}],"version-history":[{"count":12,"href":"https:\/\/mentorat-handisciences.fr\/index.php?rest_route=\/wp\/v2\/pages\/513\/revisions"}],"predecessor-version":[{"id":686,"href":"https:\/\/mentorat-handisciences.fr\/index.php?rest_route=\/wp\/v2\/pages\/513\/revisions\/686"}],"up":[{"embeddable":true,"href":"https:\/\/mentorat-handisciences.fr\/index.php?rest_route=\/wp\/v2\/pages\/35"}],"wp:attachment":[{"href":"https:\/\/mentorat-handisciences.fr\/index.php?rest_route=%2Fwp%2Fv2%2Fmedia&parent=513"}],"curies":[{"name":"wp","href":"https:\/\/api.w.org\/{rel}","templated":true}]}}