{"id":45,"date":"2026-02-18T09:20:51","date_gmt":"2026-02-18T08:20:51","guid":{"rendered":"https:\/\/mentorat-handisciences.fr\/?page_id=45"},"modified":"2026-03-30T14:50:46","modified_gmt":"2026-03-30T12:50:46","slug":"comite-de-pilotage","status":"publish","type":"page","link":"https:\/\/mentorat-handisciences.fr\/?page_id=45","title":{"rendered":"Comit\u00e9 de Pilotage"},"content":{"rendered":"\n<div class=\"wp-block-media-text is-stacked-on-mobile\" style=\"border-style:none;border-width:0px;border-top-left-radius:0px;border-top-right-radius:0px;border-bottom-left-radius:0px;border-bottom-right-radius:0px;margin-top:0;margin-right:0;margin-bottom:0;margin-left:0;padding-top:0;padding-right:0;padding-bottom:0;padding-left:0;grid-template-columns:20% auto\"><figure class=\"wp-block-media-text__media\"><img loading=\"lazy\" decoding=\"async\" width=\"1024\" height=\"1024\" src=\"http:\/\/mentorat-handisciences.fr\/wp-content\/uploads\/2026\/03\/Photo_AnneCharmantier-e1774384691784-1024x1024.jpg\" alt=\"Photo de Anne Charmantier\" class=\"wp-image-402 size-full\"\/><\/figure><div class=\"wp-block-media-text__content\">\n<p><strong>Responsable de programme : Anne Charmantier &#8211; Antenne Montpellier <\/strong><\/p>\n\n\n\n<blockquote class=\"wp-block-quote is-layout-flow wp-block-quote-is-layout-flow\">\n<p class=\"has-text-align-left\">Chercheuse en \u00e9cologie \u00e9volutive au CNRS depuis 2006, j&rsquo;\u00e9tudie l\u2019adaptation des populations d\u2019oiseaux aux changements environnementaux, en mobilisant des s\u00e9ries de donn\u00e9es \u00e0 long terme (<a href=\"https:\/\/annecharmantier.cefe.cnrs.fr\/\" data-type=\"link\" data-id=\"https:\/\/annecharmantier.cefe.cnrs.fr\/\" target=\"_blank\" rel=\"noreferrer noopener\">site web<\/a>).<\/p>\n\n\n\n<p class=\"has-text-align-left\">Vivant avec une maladie chronique depuis 2007,  je m\u2019investis activement dans la promotion de la diversit\u00e9 en science, convaincue qu\u2019elle renforce \u00e0 la fois notre r\u00e9silience et la qualit\u00e9 de la recherche.<\/p>\n<\/blockquote>\n<\/div><\/div>\n\n\n\n<div class=\"wp-block-media-text is-stacked-on-mobile\" style=\"grid-template-columns:20% auto\"><figure class=\"wp-block-media-text__media\"><img loading=\"lazy\" decoding=\"async\" width=\"800\" height=\"800\" src=\"http:\/\/mentorat-handisciences.fr\/wp-content\/uploads\/2026\/03\/Laura-gervais.jpg\" alt=\"Photo de Laura Gervais\" class=\"wp-image-407 size-full\" srcset=\"https:\/\/mentorat-handisciences.fr\/wp-content\/uploads\/2026\/03\/Laura-gervais.jpg 800w, https:\/\/mentorat-handisciences.fr\/wp-content\/uploads\/2026\/03\/Laura-gervais-300x300.jpg 300w, https:\/\/mentorat-handisciences.fr\/wp-content\/uploads\/2026\/03\/Laura-gervais-150x150.jpg 150w, https:\/\/mentorat-handisciences.fr\/wp-content\/uploads\/2026\/03\/Laura-gervais-768x768.jpg 768w\" sizes=\"auto, (max-width: 800px) 100vw, 800px\" \/><\/figure><div class=\"wp-block-media-text__content\">\n<p><strong>Co-responsable : Laura Gervais &#8211; Antenne Toulouse<\/strong><\/p>\n\n\n\n<blockquote class=\"wp-block-quote is-layout-flow wp-block-quote-is-layout-flow\">\n<p class=\"has-large-font-size\">Je vis avec des handicaps invisibles qui ont souvent \u00e9t\u00e9 minimis\u00e9s, voire moqu\u00e9s, dans la recherche acad\u00e9mique. J\u2019ai d\u00e9couvert mes handicaps sur le tard, et il m\u2019a fallu du temps pour apprendre \u00e0 en parler, \u00e0 m\u2019affirmer, et \u00e0 ne plus les laisser \u00eatre invisibilis\u00e9s.<\/p>\n\n\n\n<p class=\"has-large-font-size\">Sur mon chemin, j\u2019ai eu la chance de rencontrer des personnes qui m\u2019ont redonn\u00e9 foi en la possibilit\u00e9 de faire de la recherche avec un handicap. Des personnes qui m\u2019ont aid\u00e9(e) \u00e0 accepter mon rythme et \u00e0 reprendre confiance en moi.<\/p>\n\n\n\n<p class=\"has-large-font-size\">Aujourd\u2019hui, j\u2019ai envie de transmettre \u00e7a \u00e0 d\u2019autres. Alors me voil\u00e0 \ud83d\ude42<\/p>\n<\/blockquote>\n<\/div><\/div>\n\n\n\n<div class=\"wp-block-media-text is-stacked-on-mobile is-image-fill-element\" style=\"grid-template-columns:20% auto\"><figure class=\"wp-block-media-text__media\"><img loading=\"lazy\" decoding=\"async\" width=\"1024\" height=\"768\" src=\"http:\/\/mentorat-handisciences.fr\/wp-content\/uploads\/2026\/03\/PhotoFlora-1024x768.jpg\" alt=\"Photo de Flora Gouzerh\" class=\"wp-image-551 size-full\" style=\"object-position:50% 50%\"\/><\/figure><div class=\"wp-block-media-text__content\">\n<p><strong>Flora Gouzerh<\/strong><\/p>\n\n\n\n<blockquote class=\"wp-block-quote is-layout-flow wp-block-quote-is-layout-flow\">\n<p class=\"has-large-font-size\">Chercheuse en \u00e9cologie de la sant\u00e9 \u00e0 l\u2019IRD depuis 2026, j\u2019\u00e9tudie comment les maladies modifient les odeurs et comment on peut s\u2019en servir comme moyen de diagnostic.<\/p>\n\n\n\n<p>Vivant avec une maladie chronique depuis l\u2019enfance, je souhaite aujourd\u2019hui accompagner les nouvelles g\u00e9n\u00e9rations et contribuer \u00e0 faire de la diversit\u00e9 des parcours une force pour la recherche scientifique.<\/p>\n<\/blockquote>\n<\/div><\/div>\n\n\n\n<div class=\"wp-block-media-text is-stacked-on-mobile\" style=\"grid-template-columns:20% auto\"><figure class=\"wp-block-media-text__media\"><img loading=\"lazy\" decoding=\"async\" width=\"1024\" height=\"1024\" src=\"http:\/\/mentorat-handisciences.fr\/wp-content\/uploads\/2026\/03\/PhotoAlexis-scaled-e1774554566559-1024x1024.jpg\" alt=\"Photo d'Alexis Chaine\" class=\"wp-image-552 size-full\" srcset=\"https:\/\/mentorat-handisciences.fr\/wp-content\/uploads\/2026\/03\/PhotoAlexis-scaled-e1774554566559-1024x1024.jpg 1024w, https:\/\/mentorat-handisciences.fr\/wp-content\/uploads\/2026\/03\/PhotoAlexis-scaled-e1774554566559-300x300.jpg 300w, https:\/\/mentorat-handisciences.fr\/wp-content\/uploads\/2026\/03\/PhotoAlexis-scaled-e1774554566559-150x150.jpg 150w, https:\/\/mentorat-handisciences.fr\/wp-content\/uploads\/2026\/03\/PhotoAlexis-scaled-e1774554566559-768x768.jpg 768w, https:\/\/mentorat-handisciences.fr\/wp-content\/uploads\/2026\/03\/PhotoAlexis-scaled-e1774554566559-1536x1536.jpg 1536w, https:\/\/mentorat-handisciences.fr\/wp-content\/uploads\/2026\/03\/PhotoAlexis-scaled-e1774554566559.jpg 1920w\" sizes=\"auto, (max-width: 1024px) 100vw, 1024px\" \/><\/figure><div class=\"wp-block-media-text__content\">\n<p><strong>Alexis Chaine<\/strong><\/p>\n\n\n\n<blockquote class=\"wp-block-quote is-layout-flow wp-block-quote-is-layout-flow\">\n<p class=\"has-large-font-size\">Depuis 2009, je suis chercheur en \u00e9cologie \u00e9volutive au CNRS et je m&rsquo;int\u00e9resse principalement au comportement animal et \u00e0 l&rsquo;adaptation aux environnements contrast\u00e9s. En 2010, j\u2019ai commenc\u00e9 un suivi sur le comportement des oiseaux le long d&rsquo;un gradient altitudinal dans les Pyr\u00e9n\u00e9es.<\/p>\n\n\n\n<p>En 2019, des proches se sont trouv\u00e9s en situation de handicap \u00e0 la suite d\u2019un accident, et j\u2019ai pris conscience des difficult\u00e9s physiques et \u00e9motionnelles que peuvent engendrer les handicaps, et surtout les handicaps invisibles. Cela a \u00e9t\u00e9 une exp\u00e9rience d\u2019ouverture et d\u2019apprentissage en tant qu\u2019alli\u00e9 pour moi, et j\u2019esp\u00e8re mettre \u00e0 profit cette exp\u00e9rience pour soutenir les autres. En \u00e9largissant l\u2019exp\u00e9rience des personnes dans les sciences, nous diversifions les id\u00e9es, l\u2019innovation, et la richesse de notre communaut\u00e9.<\/p>\n<\/blockquote>\n<\/div><\/div>\n\n\n\n<div class=\"wp-block-media-text is-stacked-on-mobile\" style=\"grid-template-columns:20% auto\"><figure class=\"wp-block-media-text__media\"><img loading=\"lazy\" decoding=\"async\" width=\"1024\" height=\"1024\" src=\"http:\/\/mentorat-handisciences.fr\/wp-content\/uploads\/2026\/03\/138-scaled-e1774557580188-1024x1024.jpg\" alt=\"Photo de montagne pour repr\u00e9senter l'anonymat.\" class=\"wp-image-576 size-full\" srcset=\"https:\/\/mentorat-handisciences.fr\/wp-content\/uploads\/2026\/03\/138-scaled-e1774557580188-1024x1024.jpg 1024w, https:\/\/mentorat-handisciences.fr\/wp-content\/uploads\/2026\/03\/138-scaled-e1774557580188-300x300.jpg 300w, https:\/\/mentorat-handisciences.fr\/wp-content\/uploads\/2026\/03\/138-scaled-e1774557580188-150x150.jpg 150w, https:\/\/mentorat-handisciences.fr\/wp-content\/uploads\/2026\/03\/138-scaled-e1774557580188-768x768.jpg 768w, https:\/\/mentorat-handisciences.fr\/wp-content\/uploads\/2026\/03\/138-scaled-e1774557580188-1536x1536.jpg 1536w, https:\/\/mentorat-handisciences.fr\/wp-content\/uploads\/2026\/03\/138-scaled-e1774557580188.jpg 1924w\" sizes=\"auto, (max-width: 1024px) 100vw, 1024px\" \/><\/figure><div class=\"wp-block-media-text__content\">\n<p><strong>Anonyme<\/strong><\/p>\n\n\n\n<blockquote class=\"wp-block-quote is-layout-flow wp-block-quote-is-layout-flow\">\n<p class=\"has-large-font-size\">Je vis avec un handicap s\u00e9v\u00e8re invisible depuis l\u2019enfance. Malgr\u00e9 les \u00e9preuves, j\u2019ai r\u00e9cemment obtenu un doctorat en chimie. Aujourd\u2019hui, je souhaite \u00e0 mon tour accompagner des personnes confront\u00e9es \u00e0 des difficult\u00e9s li\u00e9es au handicap et partager mon exp\u00e9rience.<\/p>\n<\/blockquote>\n<\/div><\/div>\n\n\n\n<p><\/p>\n\n\n\n<p><\/p>\n","protected":false},"excerpt":{"rendered":"","protected":false},"author":3,"featured_media":0,"parent":0,"menu_order":1,"comment_status":"closed","ping_status":"closed","template":"","meta":{"_EventAllDay":false,"_EventTimezone":"","_EventStartDate":"","_EventEndDate":"","_EventStartDateUTC":"","_EventEndDateUTC":"","_EventShowMap":false,"_EventShowMapLink":false,"_EventURL":"","_EventCost":"","_EventCostDescription":"","_EventCurrencySymbol":"","_EventCurrencyCode":"","_EventCurrencyPosition":"","_EventDateTimeSeparator":"","_EventTimeRangeSeparator":"","_EventOrganizerID":[],"_EventVenueID":[],"_OrganizerEmail":"","_OrganizerPhone":"","_OrganizerWebsite":"","_VenueAddress":"","_VenueCity":"","_VenueCountry":"","_VenueProvince":"","_VenueState":"","_VenueZip":"","_VenuePhone":"","_VenueURL":"","_VenueStateProvince":"","_VenueLat":"","_VenueLng":"","_VenueShowMap":false,"_VenueShowMapLink":false,"footnotes":""},"class_list":["post-45","page","type-page","status-publish","hentry"],"_links":{"self":[{"href":"https:\/\/mentorat-handisciences.fr\/index.php?rest_route=\/wp\/v2\/pages\/45","targetHints":{"allow":["GET"]}}],"collection":[{"href":"https:\/\/mentorat-handisciences.fr\/index.php?rest_route=\/wp\/v2\/pages"}],"about":[{"href":"https:\/\/mentorat-handisciences.fr\/index.php?rest_route=\/wp\/v2\/types\/page"}],"author":[{"embeddable":true,"href":"https:\/\/mentorat-handisciences.fr\/index.php?rest_route=\/wp\/v2\/users\/3"}],"replies":[{"embeddable":true,"href":"https:\/\/mentorat-handisciences.fr\/index.php?rest_route=%2Fwp%2Fv2%2Fcomments&post=45"}],"version-history":[{"count":72,"href":"https:\/\/mentorat-handisciences.fr\/index.php?rest_route=\/wp\/v2\/pages\/45\/revisions"}],"predecessor-version":[{"id":631,"href":"https:\/\/mentorat-handisciences.fr\/index.php?rest_route=\/wp\/v2\/pages\/45\/revisions\/631"}],"wp:attachment":[{"href":"https:\/\/mentorat-handisciences.fr\/index.php?rest_route=%2Fwp%2Fv2%2Fmedia&parent=45"}],"curies":[{"name":"wp","href":"https:\/\/api.w.org\/{rel}","templated":true}]}}