{"id":37,"date":"2026-02-18T09:18:11","date_gmt":"2026-02-18T08:18:11","guid":{"rendered":"https:\/\/mentorat-handisciences.fr\/?page_id=37"},"modified":"2026-04-03T15:56:56","modified_gmt":"2026-04-03T13:56:56","slug":"sinformer-2","status":"publish","type":"page","link":"https:\/\/mentorat-handisciences.fr\/?page_id=37","title":{"rendered":"FAQ"},"content":{"rendered":"\n<p>Nous contacter : <a href=\"mailto:mentorat-handisciences@framagroupes.org\" target=\"_blank\" rel=\"noreferrer noopener\">mentorat-handisciences@framagroupes.org<\/a><\/p>\n\n\n\n<h2 class=\"wp-block-heading\"><strong>Est ce que je peux \u00eatre mentor\u00e9 si je n\u2019ai pas de reconnaissance administrative de mon handicap (e.g. Reconnaissance de la Qualit\u00e9 Travailleur Handicap\u00e9 ou <a href=\"https:\/\/travail-emploi.gouv.fr\/la-reconnaissance-de-la-qualite-de-travailleur-handicape-rqth\" target=\"_blank\" rel=\"noreferrer noopener\">RQTH<\/a>)&nbsp;?<\/strong><\/h2>\n\n\n\n<p><strong>Oui.<\/strong> Le mentorat s\u2019adresse \u00e0 toute personne qui se reconna\u00eet dans une situation de handicap, qu\u2019il soit visible ou invisible, avec ou sans reconnaissance administrative. Le v\u00e9cu et les besoins priment sur le statut.<\/p>\n\n\n\n<h2 class=\"wp-block-heading\"><strong>Est que je peux \u00eatre mentor si je n&rsquo;ai pas de <a href=\"https:\/\/travail-emploi.gouv.fr\/la-reconnaissance-de-la-qualite-de-travailleur-handicape-rqth\" data-type=\"link\" data-id=\"https:\/\/travail-emploi.gouv.fr\/la-reconnaissance-de-la-qualite-de-travailleur-handicape-rqth\" target=\"_blank\" rel=\"noreferrer noopener\">RQTH<\/a> ou d&rsquo;handicap ?<\/strong><\/h2>\n\n\n\n<p><strong>Bien s\u00fbr.<\/strong> Il n\u2019est pas n\u00e9cessaire d\u2019avoir une reconnaissance administrative (e.g. <a href=\"https:\/\/travail-emploi.gouv.fr\/la-reconnaissance-de-la-qualite-de-travailleur-handicape-rqth\" target=\"_blank\" rel=\"noreferrer noopener\">RQTH<\/a>) ni d\u2019\u00eatre en situation de handicap pour devenir mentor.<br>Un mentor peut \u00eatre concern\u00e9 personnellement ou \u00eatre un alli\u00e9 engag\u00e9 pour l\u2019inclusion et la cause du handicap.<\/p>\n\n\n\n<h2 class=\"wp-block-heading\"><strong>Il y a des situations plus graves que la mienne : puis-je quand m\u00eame parler de handicap ?<\/strong><\/h2>\n\n\n\n<p style=\"margin-top:0;margin-bottom:0\"><strong>Oui.<\/strong> Il n\u2019existe pas de hi\u00e9rarchie de la souffrance ou des difficult\u00e9s. Si une situation a un impact sur ton parcours, ta sant\u00e9 ou ton bien-\u00eatre dans le monde acad\u00e9mique, elle m\u00e9rite d\u2019\u00eatre entendue et partag\u00e9e. Pour rappel : \u00ab Constitue un handicap, au sens de la loi, toute limitation d\u2019activit\u00e9 ou restriction de participation \u00e0 la vie en soci\u00e9t\u00e9 subie dans son environnement par une personne en raison d\u2019une alt\u00e9ration substantielle durable ou d\u00e9finitive d\u2019une ou plusieurs fonctions physiques, sensorielles, mentales, cognitives ou psychiques d\u2019un polyhandicap ou d\u2019un trouble de sant\u00e9 invalidant \u00bb.<br><\/p>\n\n\n\n<h2 class=\"wp-block-heading\" style=\"margin-top:0;margin-right:0;margin-bottom:0;margin-left:0;padding-top:0;padding-right:0;padding-bottom:0;padding-left:0\"><strong>Est ce qu&rsquo;il faut payer pour participer au programme de mentorat  ? <\/strong><\/h2>\n\n\n\n<p><strong>Non<\/strong>. Le suivi par un mentor ainsi que les ateliers et formations propos\u00e9s sont enti\u00e8rement gratuits.<\/p>\n","protected":false},"excerpt":{"rendered":"<p>Nous contacter : mentorat-handisciences@framagroupes.org Est ce que je peux \u00eatre mentor\u00e9 si je n\u2019ai pas de reconnaissance administrative de mon handicap (e.g. Reconnaissance de la Qualit\u00e9 Travailleur Handicap\u00e9 ou RQTH)&nbsp;? [&hellip;]<\/p>\n","protected":false},"author":1,"featured_media":0,"parent":0,"menu_order":11,"comment_status":"closed","ping_status":"closed","template":"page-no-title","meta":{"_EventAllDay":false,"_EventTimezone":"","_EventStartDate":"","_EventEndDate":"","_EventStartDateUTC":"","_EventEndDateUTC":"","_EventShowMap":false,"_EventShowMapLink":false,"_EventURL":"","_EventCost":"","_EventCostDescription":"","_EventCurrencySymbol":"","_EventCurrencyCode":"","_EventCurrencyPosition":"","_EventDateTimeSeparator":"","_EventTimeRangeSeparator":"","_EventOrganizerID":[],"_EventVenueID":[],"_OrganizerEmail":"","_OrganizerPhone":"","_OrganizerWebsite":"","_VenueAddress":"","_VenueCity":"","_VenueCountry":"","_VenueProvince":"","_VenueState":"","_VenueZip":"","_VenuePhone":"","_VenueURL":"","_VenueStateProvince":"","_VenueLat":"","_VenueLng":"","_VenueShowMap":false,"_VenueShowMapLink":false,"footnotes":""},"class_list":["post-37","page","type-page","status-publish","hentry"],"_links":{"self":[{"href":"https:\/\/mentorat-handisciences.fr\/index.php?rest_route=\/wp\/v2\/pages\/37","targetHints":{"allow":["GET"]}}],"collection":[{"href":"https:\/\/mentorat-handisciences.fr\/index.php?rest_route=\/wp\/v2\/pages"}],"about":[{"href":"https:\/\/mentorat-handisciences.fr\/index.php?rest_route=\/wp\/v2\/types\/page"}],"author":[{"embeddable":true,"href":"https:\/\/mentorat-handisciences.fr\/index.php?rest_route=\/wp\/v2\/users\/1"}],"replies":[{"embeddable":true,"href":"https:\/\/mentorat-handisciences.fr\/index.php?rest_route=%2Fwp%2Fv2%2Fcomments&post=37"}],"version-history":[{"count":19,"href":"https:\/\/mentorat-handisciences.fr\/index.php?rest_route=\/wp\/v2\/pages\/37\/revisions"}],"predecessor-version":[{"id":702,"href":"https:\/\/mentorat-handisciences.fr\/index.php?rest_route=\/wp\/v2\/pages\/37\/revisions\/702"}],"wp:attachment":[{"href":"https:\/\/mentorat-handisciences.fr\/index.php?rest_route=%2Fwp%2Fv2%2Fmedia&parent=37"}],"curies":[{"name":"wp","href":"https:\/\/api.w.org\/{rel}","templated":true}]}}