{"id":19,"date":"2026-02-17T16:53:58","date_gmt":"2026-02-17T15:53:58","guid":{"rendered":"https:\/\/mentorat-handisciences.fr\/?page_id=19"},"modified":"2026-03-30T15:57:56","modified_gmt":"2026-03-30T13:57:56","slug":"accueil","status":"publish","type":"page","link":"https:\/\/mentorat-handisciences.fr\/","title":{"rendered":"Bienvenue"},"content":{"rendered":"\n<div class=\"wp-block-group alignfull is-nowrap is-layout-flex wp-container-core-group-is-layout-6c531013 wp-block-group-is-layout-flex\">\n<div class=\"wp-block-cover wp-container-content-9cfa9a5a\" style=\"min-height:300px;aspect-ratio:unset;\"><span aria-hidden=\"true\" class=\"wp-block-cover__background has-background-dim-100 has-background-dim has-background-gradient\" style=\"background:linear-gradient(201deg,rgba(8,117,32,0.33) 8%,rgba(7,146,227,0.47) 24%,rgb(255,255,255) 49%,rgba(249,221,0,0.26) 73%,rgba(224,81,114,0.36) 92%)\"><\/span><div class=\"wp-block-cover__inner-container has-global-padding is-layout-constrained wp-block-cover-is-layout-constrained\">\n<div class=\"wp-block-group is-nowrap is-layout-flex wp-container-core-group-is-layout-6c531013 wp-block-group-is-layout-flex\">\n<p class=\"is-style-text-display has-contrast-color has-text-color has-link-color wp-elements-acd5c5a987c36e72d60e0b76ff53e430 is-style-text-display--1\" style=\"font-size:clamp(28.836px, 1.802rem + ((1vw - 3.2px) * 2.075), 50px);font-style:normal;font-weight:500\">ACCOMPAGNER LES PERSONNES EN <strong>SITUATION DE HANDICAP<\/strong> VERS LA <strong>R\u00c9USSITE<\/strong> ACAD\u00c9MIQUE ET PROFESSIONNELLE EN SCIENCES.<\/p>\n\n\n\n<figure class=\"wp-block-image size-full wp-container-content-9cfa9a5a\"><img loading=\"lazy\" decoding=\"async\" width=\"900\" height=\"900\" src=\"http:\/\/mentorat-handisciences.fr\/wp-content\/uploads\/2026\/03\/France2.png\" alt=\"Carte de France - Localisation de Montpellier et Toulouse\" class=\"wp-image-317\"\/><\/figure>\n<\/div>\n<\/div><\/div>\n<\/div>\n\n\n\n<p>La recherche acad\u00e9mique laisse encore peu de place pour assumer un handicap dans un univers marqu\u00e9 par l\u2019\u00e9litisme, la comp\u00e9tition et l&rsquo;\u00e9valuation permanente. Pourtant, 10 \u00e0 15 % des personnes sont concern\u00e9es par un handicap, visible ou invisible. Si tu cherches un espace de soutien et d\u2019\u00e9change avec des personnes qui partagent ces r\u00e9alit\u00e9s, Handicap &amp; Sciences propose un mentorat pour ne plus avancer seul.<\/p>\n\n\n\n<h2 class=\"wp-block-heading\"><strong>Pourquoi du mentorat ?<\/strong><\/h2>\n\n\n\n<p>Pour accompagner et soutenir les personnes en situations d&rsquo;handicap dans le milieu acad\u00e9mique. Encadr\u00e9 par des mentors sensibilis\u00e9s et form\u00e9s, ce dispositif permet de partager des exp\u00e9riences, de recevoir des conseils sur les am\u00e9nagements possibles, la gestion de carri\u00e8re, l\u2019int\u00e9gration dans les \u00e9quipes de recherche, ou encore la navigation administrative li\u00e9e au handicap. Au-del\u00e0 du soutien individuel, le mentorat vise \u00e0 r\u00e9duire l\u2019isolement, \u00e0 favoriser l\u2019\u00e9galit\u00e9 des chances et \u00e0 promouvoir un environnement acad\u00e9mique plus inclusif, o\u00f9 les comp\u00e9tences et les talents de chacun peuvent pleinement s\u2019exprimer.<\/p>\n\n\n\n<h2 class=\"wp-block-heading\" id=\"xja3p3121\"><strong>Pour qui ?<\/strong><\/h2>\n\n\n\n<p id=\"4wbtq4289\">Toutes personnes ayant \u00e0 faire \u00e0 un handicap avec ou sans reconnaissance officielle (<a href=\"https:\/\/travail-emploi.gouv.fr\/la-reconnaissance-de-la-qualite-de-travailleur-handicape-rqth\" data-type=\"link\" data-id=\"https:\/\/travail-emploi.gouv.fr\/la-reconnaissance-de-la-qualite-de-travailleur-handicape-rqth\" target=\"_blank\" rel=\"noreferrer noopener\">RQTH<\/a>).<\/p>\n\n\n\n<h2 class=\"wp-block-heading\" id=\"v8502688\"><strong>Comment \u00e7a se passe ?<\/strong><\/h2>\n\n\n\n<p id=\"gdqq07234\">Chaque mentor\u00e9 est mis en bin\u00f4me avec un mentor&nbsp;.<\/p>\n\n\n\n<p id=\"mzwe5288\">Le programme de mentorat se d\u00e9roule sur une p\u00e9riode de 12 mois (janvier \u00e0 d\u00e9cembre). Voici quelques propositions d&rsquo;ateliers :<\/p>\n\n\n\n<ul class=\"wp-block-list\">\n<li>atelier \u00ab\u00a0t\u00e9moignages de parcours acad\u00e9miques en situation de handicap\u00a0\u00bb.<\/li>\n\n\n\n<li>atelier \u00ab\u00a0proc\u00e9dures de recrutement pour les personnes en situation de handicap\u00a0\u00bb.<\/li>\n\n\n\n<li>cercle de discussion \u00ab\u00a0manque de confiance en soi\u00a0\u00bb.<\/li>\n\n\n\n<li>atelier \u00ab\u00a0RQTH\u00a0\u00bb.<\/li>\n\n\n\n<li>des \u00e9changes individuels mensuels entre mentors et mentor\u00e9s.<\/li>\n<\/ul>\n\n\n\n<div class=\"wp-block-columns is-layout-flex wp-container-core-columns-is-layout-28f84493 wp-block-columns-is-layout-flex\">\n<div class=\"wp-block-column is-layout-flow wp-block-column-is-layout-flow\" style=\"flex-basis:66.66%\"><\/div>\n\n\n\n<div class=\"wp-block-column is-layout-flow wp-block-column-is-layout-flow\" style=\"flex-basis:33.33%\"><\/div>\n<\/div>\n\n\n\n<p><\/p>\n","protected":false},"excerpt":{"rendered":"<p>La recherche acad\u00e9mique laisse encore peu de place pour assumer un handicap dans un univers marqu\u00e9 par l\u2019\u00e9litisme, la comp\u00e9tition et l&rsquo;\u00e9valuation permanente. Pourtant, 10 \u00e0 15 % des personnes [&hellip;]<\/p>\n","protected":false},"author":1,"featured_media":0,"parent":0,"menu_order":1,"comment_status":"closed","ping_status":"closed","template":"","meta":{"_EventAllDay":false,"_EventTimezone":"","_EventStartDate":"","_EventEndDate":"","_EventStartDateUTC":"","_EventEndDateUTC":"","_EventShowMap":false,"_EventShowMapLink":false,"_EventURL":"","_EventCost":"","_EventCostDescription":"","_EventCurrencySymbol":"","_EventCurrencyCode":"","_EventCurrencyPosition":"","_EventDateTimeSeparator":"","_EventTimeRangeSeparator":"","_EventOrganizerID":[],"_EventVenueID":[],"_OrganizerEmail":"","_OrganizerPhone":"","_OrganizerWebsite":"","_VenueAddress":"","_VenueCity":"","_VenueCountry":"","_VenueProvince":"","_VenueState":"","_VenueZip":"","_VenuePhone":"","_VenueURL":"","_VenueStateProvince":"","_VenueLat":"","_VenueLng":"","_VenueShowMap":false,"_VenueShowMapLink":false,"footnotes":""},"class_list":["post-19","page","type-page","status-publish","hentry"],"_links":{"self":[{"href":"https:\/\/mentorat-handisciences.fr\/index.php?rest_route=\/wp\/v2\/pages\/19","targetHints":{"allow":["GET"]}}],"collection":[{"href":"https:\/\/mentorat-handisciences.fr\/index.php?rest_route=\/wp\/v2\/pages"}],"about":[{"href":"https:\/\/mentorat-handisciences.fr\/index.php?rest_route=\/wp\/v2\/types\/page"}],"author":[{"embeddable":true,"href":"https:\/\/mentorat-handisciences.fr\/index.php?rest_route=\/wp\/v2\/users\/1"}],"replies":[{"embeddable":true,"href":"https:\/\/mentorat-handisciences.fr\/index.php?rest_route=%2Fwp%2Fv2%2Fcomments&post=19"}],"version-history":[{"count":65,"href":"https:\/\/mentorat-handisciences.fr\/index.php?rest_route=\/wp\/v2\/pages\/19\/revisions"}],"predecessor-version":[{"id":688,"href":"https:\/\/mentorat-handisciences.fr\/index.php?rest_route=\/wp\/v2\/pages\/19\/revisions\/688"}],"wp:attachment":[{"href":"https:\/\/mentorat-handisciences.fr\/index.php?rest_route=%2Fwp%2Fv2%2Fmedia&parent=19"}],"curies":[{"name":"wp","href":"https:\/\/api.w.org\/{rel}","templated":true}]}}