{"id":185,"date":"2026-02-19T15:26:00","date_gmt":"2026-02-19T14:26:00","guid":{"rendered":"https:\/\/mentorat-handisciences.fr\/?page_id=185"},"modified":"2026-03-30T15:27:27","modified_gmt":"2026-03-30T13:27:27","slug":"quelques-associations","status":"publish","type":"page","link":"https:\/\/mentorat-handisciences.fr\/?page_id=185","title":{"rendered":"Quelques associations"},"content":{"rendered":"\n<!-- Conteneur pour la barre de recherche centr\u00e9e -->\n<div class=\"search-container\" style=\"text-align:center; margin-bottom:20px;\">\n  <input type=\"text\" id=\"globalSearchInput\" placeholder=\"Mots-cl\u00e9s\" style=\"width:50%; max-width:400px; padding:8px; font-size:16px;\">\n<\/div>\n\n<!-- Script JavaScript pour filtrer et surligner toutes les listes -->\n<script>\ndocument.addEventListener(\"DOMContentLoaded\", function() {\n\n  \/\/ R\u00e9cup\u00e8re tous les <li> dans les blocs Liste Gutenberg\n  const liItems = Array.from(document.querySelectorAll(\".wp-block-list li\"));\n\n  \/\/ Sauvegarde le HTML original de chaque <li>\n  liItems.forEach(li => {\n    if (!li.dataset.original) li.dataset.original = li.innerHTML;\n  });\n\n  \/\/ Barre de recherche globale\n  const input = document.getElementById(\"globalSearchInput\");\n  input.addEventListener(\"input\", function() {\n    const filtre = this.value.trim().toLowerCase();\n\n    liItems.forEach(li => {\n      \/\/ Reset HTML original\n      li.innerHTML = li.dataset.original;\n\n      const texte = li.textContent.toLowerCase();\n\n      if (!filtre) {\n        li.style.display = \"\";\n        return;\n      }\n\n      if (texte.includes(filtre)) {\n        li.style.display = \"\";\n\n        \/\/ Surlignage uniquement dans les n\u0153uds texte\n        const regex = new RegExp(`(${filtre})`, \"gi\");\n\n        function surligner(node) {\n          if (node.nodeType === Node.TEXT_NODE) {\n            const span = document.createElement(\"span\");\n            span.innerHTML = node.textContent.replace(regex, \"<mark>$1<\/mark>\");\n            node.parentNode.replaceChild(span, node);\n          } else if (node.nodeType === Node.ELEMENT_NODE) {\n            Array.from(node.childNodes).forEach(surligner);\n          }\n        }\n\n        surligner(li);\n      } else {\n        li.style.display = \"none\";\n      }\n    });\n  });\n});\n<\/script>\n\n<!-- CSS pour le surlignage et responsive -->\n<style>\nmark {\n  background: yellow;\n  font-weight: bold;\n}\n\n@media (max-width: 600px) {\n  #globalSearchInput {\n    width: 90% !important;\n  }\n}\n<\/style>\n\n\n\n<blockquote class=\"wp-block-quote is-layout-flow wp-block-quote-is-layout-flow\">\n<p>Aidez-nous \u00e0 am\u00e9liorer cette page : envoyez-nous vos retours \u00e0 <a href=\"mailto:mentorat-handisciences@framagroupes.org\" target=\"_blank\" rel=\"noreferrer noopener\">mentorat-handisciences@framagroupes.org<\/a><\/p>\n<\/blockquote>\n\n\n\n<p><strong>Associations&nbsp;:<\/strong><\/p>\n\n\n\n<ul class=\"wp-block-list\">\n<li><strong>Association Fran\u00e7aise pour l\u2019Inclusion des Personnes en Situation de Handicap dans les Projets de Recherche<\/strong> (AFIPPH) <a href=\"https:\/\/blog-du-handicap.com\/les-projets-de-recherche-inclusifs-developpes-par-lafipph\/\" target=\"_blank\" rel=\"noreferrer noopener\"><u>https:\/\/blog-du-handicap.com\/les-projets-de-recherche-inclusifs-developpes-par-lafipph\/<\/u><\/a><br><\/li>\n\n\n\n<li><strong>Atypie-friendly<\/strong> : programme national qui promeut et facilite l\u2019inclusion des personnes avec des troubles du neuro-d\u00e9veloppement dans l\u2019enseignement sup\u00e9rieur en offrant ressources, accompagnements et formations. <a href=\"https:\/\/atypie-friendly.fr\/\" target=\"_blank\" rel=\"noreferrer noopener\">https:\/\/atypie-friendly.fr\/<\/a><\/li>\n\n\n\n<li><strong>Handicap international <\/strong><a href=\"https:\/\/www.handicap-international.fr\/\" target=\"_blank\" rel=\"noreferrer noopener\"><u>https:\/\/www.handicap-international.fr\/<\/u><\/a><br><\/li>\n\n\n\n<li><strong>Humanicap <\/strong><a href=\"https:\/\/www.helloasso.com\/associations\/association-humanicap\" target=\"_blank\" rel=\"noreferrer noopener\"><u>https:\/\/www.helloasso.com\/associations\/association-humanicap<\/u><\/a><br><\/li>\n\n\n\n<li><strong>APF France Handicap<\/strong> : L\u2019une des plus grandes associations en France, elle d\u00e9fend les droits des personnes en situation de handicap et agit pour leur inclusion \u00e0 tous les niveaux.<br><\/li>\n\n\n\n<li><strong>UNAPEI<\/strong> : F\u00e9d\u00e9ration regroupant des centaines d\u2019associations locales qui accompagnent les personnes avec un handicap intellectuel, physique ou un polyhandicap.<br><\/li>\n\n\n\n<li><strong>APAJH<\/strong> : Association pour adultes et jeunes handicap\u00e9s qui accompagne tous les types de handicap.<br><\/li>\n\n\n\n<li><strong>Droit au Savoir<\/strong> : Association qui milite pour l\u2019acc\u00e8s des jeunes en situation de handicap \u00e0 l\u2019enseignement sup\u00e9rieur et \u00e0 la formation.<br><\/li>\n\n\n\n<li><strong>Les PEP<\/strong> : R\u00e9seau d\u2019associations qui m\u00e8ne des actions \u00e9ducatives et sociales pour favoriser l\u2019inclusion des personnes handicap\u00e9es.<br><\/li>\n\n\n\n<li><strong>Liste d&rsquo;associations de soutien aux personnes handicap\u00e9es\u00a0: <\/strong><a href=\"https:\/\/labonnecause.fr\/guide-du-don\/liste-associations\/handicap\/\" target=\"_blank\" rel=\"noreferrer noopener\"><u>https:\/\/labonnecause.fr\/guide-du-don\/liste-associations\/handicap\/<\/u><\/a><\/li>\n<\/ul>\n\n\n\n<p><\/p>\n","protected":false},"excerpt":{"rendered":"<p>Aidez-nous \u00e0 am\u00e9liorer cette page : envoyez-nous vos retours \u00e0 mentorat-handisciences@framagroupes.org Associations&nbsp;:<\/p>\n","protected":false},"author":1,"featured_media":0,"parent":35,"menu_order":9,"comment_status":"closed","ping_status":"closed","template":"","meta":{"_EventAllDay":false,"_EventTimezone":"","_EventStartDate":"","_EventEndDate":"","_EventStartDateUTC":"","_EventEndDateUTC":"","_EventShowMap":false,"_EventShowMapLink":false,"_EventURL":"","_EventCost":"","_EventCostDescription":"","_EventCurrencySymbol":"","_EventCurrencyCode":"","_EventCurrencyPosition":"","_EventDateTimeSeparator":"","_EventTimeRangeSeparator":"","_EventOrganizerID":[],"_EventVenueID":[],"_OrganizerEmail":"","_OrganizerPhone":"","_OrganizerWebsite":"","_VenueAddress":"","_VenueCity":"","_VenueCountry":"","_VenueProvince":"","_VenueState":"","_VenueZip":"","_VenuePhone":"","_VenueURL":"","_VenueStateProvince":"","_VenueLat":"","_VenueLng":"","_VenueShowMap":false,"_VenueShowMapLink":false,"footnotes":""},"class_list":["post-185","page","type-page","status-publish","hentry"],"_links":{"self":[{"href":"https:\/\/mentorat-handisciences.fr\/index.php?rest_route=\/wp\/v2\/pages\/185","targetHints":{"allow":["GET"]}}],"collection":[{"href":"https:\/\/mentorat-handisciences.fr\/index.php?rest_route=\/wp\/v2\/pages"}],"about":[{"href":"https:\/\/mentorat-handisciences.fr\/index.php?rest_route=\/wp\/v2\/types\/page"}],"author":[{"embeddable":true,"href":"https:\/\/mentorat-handisciences.fr\/index.php?rest_route=\/wp\/v2\/users\/1"}],"replies":[{"embeddable":true,"href":"https:\/\/mentorat-handisciences.fr\/index.php?rest_route=%2Fwp%2Fv2%2Fcomments&post=185"}],"version-history":[{"count":14,"href":"https:\/\/mentorat-handisciences.fr\/index.php?rest_route=\/wp\/v2\/pages\/185\/revisions"}],"predecessor-version":[{"id":711,"href":"https:\/\/mentorat-handisciences.fr\/index.php?rest_route=\/wp\/v2\/pages\/185\/revisions\/711"}],"up":[{"embeddable":true,"href":"https:\/\/mentorat-handisciences.fr\/index.php?rest_route=\/wp\/v2\/pages\/35"}],"wp:attachment":[{"href":"https:\/\/mentorat-handisciences.fr\/index.php?rest_route=%2Fwp%2Fv2%2Fmedia&parent=185"}],"curies":[{"name":"wp","href":"https:\/\/api.w.org\/{rel}","templated":true}]}}