{"id":16,"date":"2026-02-17T16:46:14","date_gmt":"2026-02-17T15:46:14","guid":{"rendered":"https:\/\/mentorat-handisciences.fr\/?page_id=16"},"modified":"2026-03-30T15:43:21","modified_gmt":"2026-03-30T13:43:21","slug":"mentorat","status":"publish","type":"page","link":"https:\/\/mentorat-handisciences.fr\/?page_id=16","title":{"rendered":"Mentorat"},"content":{"rendered":"\n<div class=\"wp-block-media-text is-stacked-on-mobile\" style=\"grid-template-columns:24% auto\"><figure class=\"wp-block-media-text__media\"><img loading=\"lazy\" decoding=\"async\" width=\"1024\" height=\"1024\" src=\"https:\/\/mentorat-handisciences.fr\/wp-content\/uploads\/2026\/03\/mentor-icon-2895941_1280-1-1024x1024.png\" alt=\"Logo de deux personnes se tenant la main.\" class=\"wp-image-502 size-full\" srcset=\"https:\/\/mentorat-handisciences.fr\/wp-content\/uploads\/2026\/03\/mentor-icon-2895941_1280-1-1024x1024.png 1024w, https:\/\/mentorat-handisciences.fr\/wp-content\/uploads\/2026\/03\/mentor-icon-2895941_1280-1-300x300.png 300w, https:\/\/mentorat-handisciences.fr\/wp-content\/uploads\/2026\/03\/mentor-icon-2895941_1280-1-150x150.png 150w, https:\/\/mentorat-handisciences.fr\/wp-content\/uploads\/2026\/03\/mentor-icon-2895941_1280-1-768x768.png 768w, https:\/\/mentorat-handisciences.fr\/wp-content\/uploads\/2026\/03\/mentor-icon-2895941_1280-1.png 1280w\" sizes=\"auto, (max-width: 1024px) 100vw, 1024px\" \/><\/figure><div class=\"wp-block-media-text__content\">\n<p style=\"font-size:clamp(1.453rem, 1.453rem + ((1vw - 0.2rem) * 1.485), 2.4rem);\">\ud83c\udf1f <strong>Le Mentorat Handicap &amp; Sciences<\/strong> \ud83c\udf1f<\/p>\n<\/div><\/div>\n\n\n\n<p>Cr\u00e9\u00e9 en janvier 2026, le mentorat Handicap &amp; Sciences est n\u00e9 d\u2019une volont\u00e9 forte : accompagner et soutenir les personnes en situation de handicap dans le milieu acad\u00e9mique scientifique.<\/p>\n\n\n\n<h2 class=\"wp-block-heading\">Notre objectif<\/h2>\n\n\n\n<p>Nous proposons un accompagnement d\u00e9di\u00e9 aux doctorants et post-doctorants en situation de handicap, localis\u00e9s \u00e0 Montpellier et Toulouse, afin de les aider \u00e0 acc\u00e9der \u00e0 un poste permanent dans le milieu acad\u00e9mique scientifique.<\/p>\n\n\n\n<h2 class=\"wp-block-heading\"> Pourquoi du mentorat ?<\/h2>\n\n\n\n<p>Le mentorat permet :<\/p>\n\n\n\n<ul class=\"wp-block-list\">\n<li>d\u2019\u00eatre accompagn\u00e9 par des mentors form\u00e9s ou sensibilis\u00e9s aux enjeux du handicap<\/li>\n\n\n\n<li>de partager des exp\u00e9riences et des conseils concrets<\/li>\n\n\n\n<li>d\u2019obtenir des informations sur :\n<ul class=\"wp-block-list\">\n<li>les am\u00e9nagements possibles,<\/li>\n\n\n\n<li>la gestion de carri\u00e8re,<\/li>\n\n\n\n<li>l\u2019int\u00e9gration dans les \u00e9quipes de recherche,<\/li>\n\n\n\n<li>la navigation administrative li\u00e9e au handicap.<\/li>\n<\/ul>\n<\/li>\n<\/ul>\n\n\n\n<p>Au-del\u00e0 du soutien individuel, ce dispositif vise \u00e0 r\u00e9duire l\u2019isolement, \u00e0 favoriser l\u2019\u00e9galit\u00e9 des chances et \u00e0 promouvoir un environnement acad\u00e9mique plus inclusif, o\u00f9 les comp\u00e9tences et les talents de chacun\u00b7e peuvent pleinement s\u2019exprimer.<\/p>\n\n\n\n<h2 class=\"wp-block-heading\">Les modalit\u00e9s d\u2019accompagnement<\/h2>\n\n\n\n<h3 class=\"wp-block-heading\">\ud83d\udd39 Mentorat en bin\u00f4me<\/h3>\n\n\n\n<p>Chaque mentor\u00e9 (personne en situation de handicap sans poste permanent) est mis en bin\u00f4me avec :<\/p>\n\n\n\n<ul class=\"wp-block-list\">\n<li>un mentor en poste permanent dans le milieu acad\u00e9mique, en situation de handicap<br>ou<\/li>\n\n\n\n<li>un alli\u00e9 connaissant bien les enjeux du recrutement et du handicap.<\/li>\n<\/ul>\n\n\n\n<p>Chaque bin\u00f4me se rencontre au moins 6 fois par an (mentorat renouvelable).<br>Les modalit\u00e9s de rencontre (pr\u00e9sentiel ou distanciel) sont choisies par le bin\u00f4me.<\/p>\n\n\n\n<h3 class=\"wp-block-heading\">\ud83d\udd39 Ateliers collectifs<\/h3>\n\n\n\n<p>Des ateliers et des cercles de paroles seront propos\u00e9s en ligne ou en pr\u00e9sentiel.<br>Ces temps d\u2019\u00e9change permettront de partager exp\u00e9riences, questionnements et bonnes pratiques autour du handicap dans les sciences.<\/p>\n\n\n\n<h2 class=\"wp-block-heading\">L\u2019aventure te tente ?<\/h2>\n\n\n\n<p><a href=\"https:\/\/mentorat-handisciences.fr\/?page_id=117\" target=\"_blank\" rel=\"noreferrer noopener\">Clique ici<\/a> \ud83d\ude0a<\/p>\n\n\n\n<p><\/p>\n","protected":false},"excerpt":{"rendered":"<p>\ud83c\udf1f Le Mentorat Handicap &amp; Sciences \ud83c\udf1f Cr\u00e9\u00e9 en janvier 2026, le mentorat Handicap &amp; Sciences est n\u00e9 d\u2019une volont\u00e9 forte : accompagner et soutenir les personnes en situation de [&hellip;]<\/p>\n","protected":false},"author":1,"featured_media":0,"parent":0,"menu_order":4,"comment_status":"closed","ping_status":"closed","template":"","meta":{"_EventAllDay":false,"_EventTimezone":"","_EventStartDate":"","_EventEndDate":"","_EventStartDateUTC":"","_EventEndDateUTC":"","_EventShowMap":false,"_EventShowMapLink":false,"_EventURL":"","_EventCost":"","_EventCostDescription":"","_EventCurrencySymbol":"","_EventCurrencyCode":"","_EventCurrencyPosition":"","_EventDateTimeSeparator":"","_EventTimeRangeSeparator":"","_EventOrganizerID":[],"_EventVenueID":[],"_OrganizerEmail":"","_OrganizerPhone":"","_OrganizerWebsite":"","_VenueAddress":"","_VenueCity":"","_VenueCountry":"","_VenueProvince":"","_VenueState":"","_VenueZip":"","_VenuePhone":"","_VenueURL":"","_VenueStateProvince":"","_VenueLat":"","_VenueLng":"","_VenueShowMap":false,"_VenueShowMapLink":false,"footnotes":""},"class_list":["post-16","page","type-page","status-publish","hentry"],"_links":{"self":[{"href":"https:\/\/mentorat-handisciences.fr\/index.php?rest_route=\/wp\/v2\/pages\/16","targetHints":{"allow":["GET"]}}],"collection":[{"href":"https:\/\/mentorat-handisciences.fr\/index.php?rest_route=\/wp\/v2\/pages"}],"about":[{"href":"https:\/\/mentorat-handisciences.fr\/index.php?rest_route=\/wp\/v2\/types\/page"}],"author":[{"embeddable":true,"href":"https:\/\/mentorat-handisciences.fr\/index.php?rest_route=\/wp\/v2\/users\/1"}],"replies":[{"embeddable":true,"href":"https:\/\/mentorat-handisciences.fr\/index.php?rest_route=%2Fwp%2Fv2%2Fcomments&post=16"}],"version-history":[{"count":24,"href":"https:\/\/mentorat-handisciences.fr\/index.php?rest_route=\/wp\/v2\/pages\/16\/revisions"}],"predecessor-version":[{"id":682,"href":"https:\/\/mentorat-handisciences.fr\/index.php?rest_route=\/wp\/v2\/pages\/16\/revisions\/682"}],"wp:attachment":[{"href":"https:\/\/mentorat-handisciences.fr\/index.php?rest_route=%2Fwp%2Fv2%2Fmedia&parent=16"}],"curies":[{"name":"wp","href":"https:\/\/api.w.org\/{rel}","templated":true}]}}