{"id":119,"date":"2026-02-18T16:13:01","date_gmt":"2026-02-18T15:13:01","guid":{"rendered":"https:\/\/mentorat-handisciences.fr\/?page_id=119"},"modified":"2026-03-30T15:29:06","modified_gmt":"2026-03-30T13:29:06","slug":"devenir-mentor","status":"publish","type":"page","link":"https:\/\/mentorat-handisciences.fr\/?page_id=119","title":{"rendered":"Devenez mentor\u00e9 dans le programme Handicap &amp; Sciences"},"content":{"rendered":"\n<p>Chaque ann\u00e9e, nous accompagnons des mentor\u00e9s dans leur parcours scientifique et professionnel, avec un mentorat qui d\u00e9bute en janvier. Par exemple, les inscriptions pour 2027 ouvriront en automne 2026.<\/p>\n\n\n\n<hr class=\"wp-block-separator has-alpha-channel-opacity\"\/>\n\n\n\n<h3 class=\"wp-block-heading\"><strong>Pourquoi nous rejoindre ?<\/strong><\/h3>\n\n\n\n<p>Ce programme est con\u00e7u pour vous <strong>soutenir, vous guider et vous inspirer<\/strong> dans votre parcours. Voici ce que nous vous proposons :<\/p>\n\n\n\n<p>\ud83d\udd39 <strong>Un accompagnement personnalis\u00e9<\/strong> : b\u00e9n\u00e9ficiez d\u2019un mentor d\u00e9di\u00e9 pour \u00e9changer <strong>une fois par mois<\/strong> sur vos projets, vos d\u00e9fis et vos ambitions.<br>\ud83d\udd39 <strong>Un espace bienveillant<\/strong> : Votre mentor sera l\u00e0 pour vous <strong>\u00e9couter, vous conseiller et vous encourager<\/strong>, dans le respect de notre <a href=\"lien-vers-la-charte\" target=\"_blank\" rel=\"noreferrer noopener\"><strong>charte du mentorat<\/strong><\/a>.<br>\ud83d\udd39 <strong>Un r\u00e9seau solidaire<\/strong> : Rejoignez une communaut\u00e9 de mentor\u00e9s et de mentors engag\u00e9s pour l\u2019inclusion dans les sciences.<\/p>\n\n\n\n<p>\ud83d\udca1  Ce programme s\u2019adresse \u00e0 <strong>toutes les personnes en situation de handicap<\/strong> ou concern\u00e9es par des d\u00e9fis li\u00e9s \u00e0 l\u2019accessibilit\u00e9 dans leur parcours scientifique.<\/p>\n\n\n\n<hr class=\"wp-block-separator has-alpha-channel-opacity\"\/>\n\n\n\n<hr class=\"wp-block-separator has-alpha-channel-opacity\"\/>\n\n\n\n<h3 class=\"wp-block-heading\"><strong>Contactez-nous<\/strong><\/h3>\n\n\n\n<p>Pour en savoir plus ou vous inscrire, \u00e9crivez-nous \u00e0 :<br>\ud83d\udce7 <a target=\"_blank\" rel=\"noreferrer noopener\" href=\"mailto:mentorat-handisciences@framagroupes.org\">mentorat-handisciences@framagroupes.org<\/a><\/p>\n","protected":false},"excerpt":{"rendered":"<p>Chaque ann\u00e9e, nous accompagnons des mentor\u00e9s dans leur parcours scientifique et professionnel, avec un mentorat qui d\u00e9bute en janvier. Par exemple, les inscriptions pour 2027 ouvriront en automne 2026. Pourquoi [&hellip;]<\/p>\n","protected":false},"author":1,"featured_media":0,"parent":117,"menu_order":8,"comment_status":"closed","ping_status":"closed","template":"page-no-title","meta":{"_EventAllDay":false,"_EventTimezone":"","_EventStartDate":"","_EventEndDate":"","_EventStartDateUTC":"","_EventEndDateUTC":"","_EventShowMap":false,"_EventShowMapLink":false,"_EventURL":"","_EventCost":"","_EventCostDescription":"","_EventCurrencySymbol":"","_EventCurrencyCode":"","_EventCurrencyPosition":"","_EventDateTimeSeparator":"","_EventTimeRangeSeparator":"","_EventOrganizerID":[],"_EventVenueID":[],"_OrganizerEmail":"","_OrganizerPhone":"","_OrganizerWebsite":"","_VenueAddress":"","_VenueCity":"","_VenueCountry":"","_VenueProvince":"","_VenueState":"","_VenueZip":"","_VenuePhone":"","_VenueURL":"","_VenueStateProvince":"","_VenueLat":"","_VenueLng":"","_VenueShowMap":false,"_VenueShowMapLink":false,"footnotes":""},"class_list":["post-119","page","type-page","status-publish","hentry"],"_links":{"self":[{"href":"https:\/\/mentorat-handisciences.fr\/index.php?rest_route=\/wp\/v2\/pages\/119","targetHints":{"allow":["GET"]}}],"collection":[{"href":"https:\/\/mentorat-handisciences.fr\/index.php?rest_route=\/wp\/v2\/pages"}],"about":[{"href":"https:\/\/mentorat-handisciences.fr\/index.php?rest_route=\/wp\/v2\/types\/page"}],"author":[{"embeddable":true,"href":"https:\/\/mentorat-handisciences.fr\/index.php?rest_route=\/wp\/v2\/users\/1"}],"replies":[{"embeddable":true,"href":"https:\/\/mentorat-handisciences.fr\/index.php?rest_route=%2Fwp%2Fv2%2Fcomments&post=119"}],"version-history":[{"count":8,"href":"https:\/\/mentorat-handisciences.fr\/index.php?rest_route=\/wp\/v2\/pages\/119\/revisions"}],"predecessor-version":[{"id":662,"href":"https:\/\/mentorat-handisciences.fr\/index.php?rest_route=\/wp\/v2\/pages\/119\/revisions\/662"}],"up":[{"embeddable":true,"href":"https:\/\/mentorat-handisciences.fr\/index.php?rest_route=\/wp\/v2\/pages\/117"}],"wp:attachment":[{"href":"https:\/\/mentorat-handisciences.fr\/index.php?rest_route=%2Fwp%2Fv2%2Fmedia&parent=119"}],"curies":[{"name":"wp","href":"https:\/\/api.w.org\/{rel}","templated":true}]}}